{"id":8,"date":"2024-01-15T22:16:50","date_gmt":"2024-01-16T01:16:50","guid":{"rendered":"https:\/\/certizap.com.br\/?page_id=8"},"modified":"2025-07-21T22:20:10","modified_gmt":"2025-07-22T01:20:10","slug":"home","status":"publish","type":"page","link":"https:\/\/certizap.com.br\/","title":{"rendered":"Home"},"content":{"rendered":"\t\t<div data-elementor-type=\"wp-page\" data-elementor-id=\"8\" class=\"elementor elementor-8\" data-elementor-post-type=\"page\">\n\t\t\t\t<div class=\"elementor-element elementor-element-52671c7 e-flex e-con-boxed e-con e-parent\" data-id=\"52671c7\" data-element_type=\"container\" data-e-type=\"container\" data-settings=\"{&quot;background_background&quot;:&quot;classic&quot;}\">\n\t\t\t\t\t<div class=\"e-con-inner\">\n\t\t\t\t<div class=\"elementor-element elementor-element-e268282 elementor-widget__width-initial elementor-widget-mobile__width-initial elementor-widget elementor-widget-image\" data-id=\"e268282\" data-element_type=\"widget\" data-e-type=\"widget\" data-widget_type=\"image.default\">\n\t\t\t\t<div class=\"elementor-widget-container\">\n\t\t\t\t\t\t\t\t\t\t\t\t\t\t\t<img decoding=\"async\" src=\"https:\/\/certizap.com.br\/wp-content\/uploads\/2025\/07\/ChatGPT-Image-21-de-jul.-de-2025-20_07_24.png\" title=\"ChatGPT Image 21 de jul. de 2025, 20_07_24\" alt=\"ChatGPT Image 21 de jul. de 2025, 20_07_24\" loading=\"lazy\" \/>\t\t\t\t\t\t\t\t\t\t\t\t\t\t\t<\/div>\n\t\t\t\t<\/div>\n\t\t\t\t<div class=\"elementor-element elementor-element-9e7be5e elementor-widget elementor-widget-text-editor\" data-id=\"9e7be5e\" data-element_type=\"widget\" data-e-type=\"widget\" data-widget_type=\"text-editor.default\">\n\t\t\t\t<div class=\"elementor-widget-container\">\n\t\t\t\t\t\t\t\t\t<p>\u00a0<\/p><p style=\"text-align: center;\">Servi\u00e7o privado que facilita a busca e a entrega de certid\u00f5es no Estado de Minas Gerais.<\/p>\t\t\t\t\t\t\t\t<\/div>\n\t\t\t\t<\/div>\n\t\t\t\t<div class=\"elementor-element elementor-element-b1478e4 elementor-widget elementor-widget-text-editor\" data-id=\"b1478e4\" data-element_type=\"widget\" data-e-type=\"widget\" data-widget_type=\"text-editor.default\">\n\t\t\t\t<div class=\"elementor-widget-container\">\n\t\t\t\t\t\t\t\t\t<p style=\"text-align: center;\"><strong>CERTID\u00d5ES PELO WHATSAPP!<\/strong><\/p>\t\t\t\t\t\t\t\t<\/div>\n\t\t\t\t<\/div>\n\t\t\t\t<div class=\"elementor-element elementor-element-7a91a04 elementor-widget__width-initial elementor-widget-mobile__width-initial elementor-widget elementor-widget-image\" data-id=\"7a91a04\" data-element_type=\"widget\" data-e-type=\"widget\" data-widget_type=\"image.default\">\n\t\t\t\t<div class=\"elementor-widget-container\">\n\t\t\t\t\t\t\t\t\t\t\t\t\t\t\t<img fetchpriority=\"high\" decoding=\"async\" width=\"976\" height=\"650\" src=\"https:\/\/certizap.com.br\/wp-content\/uploads\/2025\/07\/SERVICO-PRIVADO-QUE-FACILITA-A-BUSCA-E-ENTRGA-DE-CERTIDOES-NO-ESTADO-DE-MINAS-GERAIS-976-x-650-px.jpg\" class=\"attachment-full size-full wp-image-984\" alt=\"\" srcset=\"https:\/\/certizap.com.br\/wp-content\/uploads\/2025\/07\/SERVICO-PRIVADO-QUE-FACILITA-A-BUSCA-E-ENTRGA-DE-CERTIDOES-NO-ESTADO-DE-MINAS-GERAIS-976-x-650-px.jpg 976w, https:\/\/certizap.com.br\/wp-content\/uploads\/2025\/07\/SERVICO-PRIVADO-QUE-FACILITA-A-BUSCA-E-ENTRGA-DE-CERTIDOES-NO-ESTADO-DE-MINAS-GERAIS-976-x-650-px-300x200.jpg 300w, https:\/\/certizap.com.br\/wp-content\/uploads\/2025\/07\/SERVICO-PRIVADO-QUE-FACILITA-A-BUSCA-E-ENTRGA-DE-CERTIDOES-NO-ESTADO-DE-MINAS-GERAIS-976-x-650-px-768x511.jpg 768w\" sizes=\"(max-width: 976px) 100vw, 976px\" \/>\t\t\t\t\t\t\t\t\t\t\t\t\t\t\t<\/div>\n\t\t\t\t<\/div>\n\t\t\t\t<div class=\"elementor-element elementor-element-42bd717 elementor-align-center elementor-mobile-align-center elementor-widget__width-initial elementor-widget-mobile__width-initial elementor-widget elementor-widget-button\" data-id=\"42bd717\" data-element_type=\"widget\" data-e-type=\"widget\" data-widget_type=\"button.default\">\n\t\t\t\t<div class=\"elementor-widget-container\">\n\t\t\t\t\t\t\t\t\t<div class=\"elementor-button-wrapper\">\n\t\t\t\t\t<a class=\"elementor-button elementor-button-link elementor-size-xs elementor-animation-grow\" href=\"https:\/\/wa.me\/message\/ZVNVVNKC2I74F1\" https=\"\">\n\t\t\t\t\t\t<span class=\"elementor-button-content-wrapper\">\n\t\t\t\t\t\t\t\t\t<span class=\"elementor-button-text\">FAZER MEU PEDIDO<\/span>\n\t\t\t\t\t<\/span>\n\t\t\t\t\t<\/a>\n\t\t\t\t<\/div>\n\t\t\t\t\t\t\t\t<\/div>\n\t\t\t\t<\/div>\n\t\t\t\t\t<\/div>\n\t\t\t\t<\/div>\n\t\t<div class=\"elementor-element elementor-element-b6423ee e-con-full e-flex e-con e-parent\" data-id=\"b6423ee\" data-element_type=\"container\" data-e-type=\"container\" data-settings=\"{&quot;background_background&quot;:&quot;classic&quot;}\">\n\t\t<div class=\"elementor-element elementor-element-59fb962 e-con-full e-flex e-con e-child\" data-id=\"59fb962\" data-element_type=\"container\" data-e-type=\"container\" data-settings=\"{&quot;background_background&quot;:&quot;classic&quot;}\">\n\t\t\t\t<div class=\"elementor-element elementor-element-d32f839 elementor-widget-mobile__width-initial elementor-widget elementor-widget-text-editor\" data-id=\"d32f839\" data-element_type=\"widget\" data-e-type=\"widget\" data-widget_type=\"text-editor.default\">\n\t\t\t\t<div class=\"elementor-widget-container\">\n\t\t\t\t\t\t\t\t\t<p><a href=\"https:\/\/certizap.com.br\"><strong>CERTIZAP.<\/strong><\/a> Copyright 2025. Todos os direitos reservados.<\/p>\t\t\t\t\t\t\t\t<\/div>\n\t\t\t\t<\/div>\n\t\t\t\t<\/div>\n\t\t\t\t<\/div>\n\t\t\t\t<\/div>\n\t\t","protected":false},"excerpt":{"rendered":"<p>\u00a0 Servi\u00e7o privado que facilita a busca e a entrega de certid\u00f5es no Estado de Minas Gerais. CERTID\u00d5ES PELO WHATSAPP! FAZER MEU PEDIDO CERTIZAP. Copyright 2025. Todos os direitos reservados.<\/p>\n","protected":false},"author":1,"featured_media":0,"parent":0,"menu_order":0,"comment_status":"closed","ping_status":"closed","template":"elementor_canvas","meta":{"footnotes":""},"class_list":["post-8","page","type-page","status-publish","hentry"],"_links":{"self":[{"href":"https:\/\/certizap.com.br\/index.php\/wp-json\/wp\/v2\/pages\/8","targetHints":{"allow":["GET"]}}],"collection":[{"href":"https:\/\/certizap.com.br\/index.php\/wp-json\/wp\/v2\/pages"}],"about":[{"href":"https:\/\/certizap.com.br\/index.php\/wp-json\/wp\/v2\/types\/page"}],"author":[{"embeddable":true,"href":"https:\/\/certizap.com.br\/index.php\/wp-json\/wp\/v2\/users\/1"}],"replies":[{"embeddable":true,"href":"https:\/\/certizap.com.br\/index.php\/wp-json\/wp\/v2\/comments?post=8"}],"version-history":[{"count":862,"href":"https:\/\/certizap.com.br\/index.php\/wp-json\/wp\/v2\/pages\/8\/revisions"}],"predecessor-version":[{"id":990,"href":"https:\/\/certizap.com.br\/index.php\/wp-json\/wp\/v2\/pages\/8\/revisions\/990"}],"wp:attachment":[{"href":"https:\/\/certizap.com.br\/index.php\/wp-json\/wp\/v2\/media?parent=8"}],"curies":[{"name":"wp","href":"https:\/\/api.w.org\/{rel}","templated":true}]}}